{"id":5061,"date":"2021-06-09T01:28:13","date_gmt":"2021-06-08T23:28:13","guid":{"rendered":"https:\/\/swiss.celadagroup.com\/macchine-utensili-usate\/"},"modified":"2024-11-18T10:18:58","modified_gmt":"2024-11-18T09:18:58","slug":"macchine-utensili-usate","status":"publish","type":"page","link":"https:\/\/swiss.celadagroup.com\/de\/macchine-utensili-usate\/","title":{"rendered":"Gebraucht Maschinen"},"content":{"rendered":"","protected":false},"excerpt":{"rendered":"","protected":false},"author":3,"featured_media":0,"parent":0,"menu_order":13,"comment_status":"closed","ping_status":"closed","template":"page-usato.php","meta":{"footnotes":""},"class_list":["post-5061","page","type-page","status-publish","hentry"],"yoast_head":"<!-- This site is optimized with the Yoast SEO plugin v25.3 - https:\/\/yoast.com\/wordpress\/plugins\/seo\/ -->\n<title>Macchine utensili usate, affidabili e di qualit\u00e0 | Mautus | Celada<\/title>\n<meta name=\"description\" content=\"Mautus \u00e8 la divisione di Celada, che ha lo scopo di soddisfare la domanda di macchine utensili usate, ma di qualit\u00e0 superiore.\" \/>\n<meta name=\"robots\" content=\"index, follow, max-snippet:-1, max-image-preview:large, max-video-preview:-1\" \/>\n<link rel=\"canonical\" href=\"https:\/\/swiss.celadagroup.com\/de\/macchine-utensili-usate\/\" \/>\n<meta property=\"og:locale\" content=\"de_DE\" \/>\n<meta property=\"og:type\" content=\"article\" \/>\n<meta property=\"og:title\" content=\"Macchine utensili usate, affidabili e di qualit\u00e0 | Mautus | Celada\" \/>\n<meta property=\"og:description\" content=\"Mautus \u00e8 la divisione di Celada, che ha lo scopo di soddisfare la domanda di macchine utensili usate, ma di qualit\u00e0 superiore.\" \/>\n<meta property=\"og:url\" content=\"https:\/\/swiss.celadagroup.com\/de\/macchine-utensili-usate\/\" \/>\n<meta property=\"og:site_name\" content=\"Celada\" \/>\n<meta property=\"article:modified_time\" content=\"2024-11-18T09:18:58+00:00\" \/>\n<meta property=\"og:image\" content=\"https:\/\/swiss.celadagroup.com\/wp-content\/uploads\/2021\/09\/share-celada.png\" \/>\n\t<meta property=\"og:image:width\" content=\"1200\" \/>\n\t<meta property=\"og:image:height\" content=\"630\" \/>\n\t<meta property=\"og:image:type\" content=\"image\/png\" \/>\n<meta name=\"twitter:card\" content=\"summary_large_image\" \/>\n<script type=\"application\/ld+json\" class=\"yoast-schema-graph\">{\"@context\":\"https:\/\/schema.org\",\"@graph\":[{\"@type\":\"WebPage\",\"@id\":\"https:\/\/swiss.celadagroup.com\/de\/macchine-utensili-usate\/\",\"url\":\"https:\/\/swiss.celadagroup.com\/de\/macchine-utensili-usate\/\",\"name\":\"Macchine utensili usate, affidabili e di qualit\u00e0 | Mautus | Celada\",\"isPartOf\":{\"@id\":\"https:\/\/swiss.celadagroup.com\/de\/#website\"},\"datePublished\":\"2021-06-08T23:28:13+00:00\",\"dateModified\":\"2024-11-18T09:18:58+00:00\",\"description\":\"Mautus \u00e8 la divisione di Celada, che ha lo scopo di soddisfare la domanda di macchine utensili usate, ma di qualit\u00e0 superiore.\",\"breadcrumb\":{\"@id\":\"https:\/\/swiss.celadagroup.com\/de\/macchine-utensili-usate\/#breadcrumb\"},\"inLanguage\":\"de\",\"potentialAction\":[{\"@type\":\"ReadAction\",\"target\":[\"https:\/\/swiss.celadagroup.com\/de\/macchine-utensili-usate\/\"]}]},{\"@type\":\"BreadcrumbList\",\"@id\":\"https:\/\/swiss.celadagroup.com\/de\/macchine-utensili-usate\/#breadcrumb\",\"itemListElement\":[{\"@type\":\"ListItem\",\"position\":1,\"name\":\"Home\",\"item\":\"https:\/\/swiss.celadagroup.com\/de\/\"},{\"@type\":\"ListItem\",\"position\":2,\"name\":\"Gebraucht Maschinen\"}]},{\"@type\":\"WebSite\",\"@id\":\"https:\/\/swiss.celadagroup.com\/de\/#website\",\"url\":\"https:\/\/swiss.celadagroup.com\/de\/\",\"name\":\"Celada\",\"description\":\"Un nuovo sito targato WordPress\",\"potentialAction\":[{\"@type\":\"SearchAction\",\"target\":{\"@type\":\"EntryPoint\",\"urlTemplate\":\"https:\/\/swiss.celadagroup.com\/de\/?s={search_term_string}\"},\"query-input\":{\"@type\":\"PropertyValueSpecification\",\"valueRequired\":true,\"valueName\":\"search_term_string\"}}],\"inLanguage\":\"de\"}]}<\/script>\n<!-- \/ Yoast SEO plugin. -->","yoast_head_json":{"title":"Macchine utensili usate, affidabili e di qualit\u00e0 | Mautus | Celada","description":"Mautus \u00e8 la divisione di Celada, che ha lo scopo di soddisfare la domanda di macchine utensili usate, ma di qualit\u00e0 superiore.","robots":{"index":"index","follow":"follow","max-snippet":"max-snippet:-1","max-image-preview":"max-image-preview:large","max-video-preview":"max-video-preview:-1"},"canonical":"https:\/\/swiss.celadagroup.com\/de\/macchine-utensili-usate\/","og_locale":"de_DE","og_type":"article","og_title":"Macchine utensili usate, affidabili e di qualit\u00e0 | Mautus | Celada","og_description":"Mautus \u00e8 la divisione di Celada, che ha lo scopo di soddisfare la domanda di macchine utensili usate, ma di qualit\u00e0 superiore.","og_url":"https:\/\/swiss.celadagroup.com\/de\/macchine-utensili-usate\/","og_site_name":"Celada","article_modified_time":"2024-11-18T09:18:58+00:00","og_image":[{"width":1200,"height":630,"url":"https:\/\/swiss.celadagroup.com\/wp-content\/uploads\/2021\/09\/share-celada.png","type":"image\/png"}],"twitter_card":"summary_large_image","schema":{"@context":"https:\/\/schema.org","@graph":[{"@type":"WebPage","@id":"https:\/\/swiss.celadagroup.com\/de\/macchine-utensili-usate\/","url":"https:\/\/swiss.celadagroup.com\/de\/macchine-utensili-usate\/","name":"Macchine utensili usate, affidabili e di qualit\u00e0 | Mautus | Celada","isPartOf":{"@id":"https:\/\/swiss.celadagroup.com\/de\/#website"},"datePublished":"2021-06-08T23:28:13+00:00","dateModified":"2024-11-18T09:18:58+00:00","description":"Mautus \u00e8 la divisione di Celada, che ha lo scopo di soddisfare la domanda di macchine utensili usate, ma di qualit\u00e0 superiore.","breadcrumb":{"@id":"https:\/\/swiss.celadagroup.com\/de\/macchine-utensili-usate\/#breadcrumb"},"inLanguage":"de","potentialAction":[{"@type":"ReadAction","target":["https:\/\/swiss.celadagroup.com\/de\/macchine-utensili-usate\/"]}]},{"@type":"BreadcrumbList","@id":"https:\/\/swiss.celadagroup.com\/de\/macchine-utensili-usate\/#breadcrumb","itemListElement":[{"@type":"ListItem","position":1,"name":"Home","item":"https:\/\/swiss.celadagroup.com\/de\/"},{"@type":"ListItem","position":2,"name":"Gebraucht Maschinen"}]},{"@type":"WebSite","@id":"https:\/\/swiss.celadagroup.com\/de\/#website","url":"https:\/\/swiss.celadagroup.com\/de\/","name":"Celada","description":"Un nuovo sito targato WordPress","potentialAction":[{"@type":"SearchAction","target":{"@type":"EntryPoint","urlTemplate":"https:\/\/swiss.celadagroup.com\/de\/?s={search_term_string}"},"query-input":{"@type":"PropertyValueSpecification","valueRequired":true,"valueName":"search_term_string"}}],"inLanguage":"de"}]}},"_links":{"self":[{"href":"https:\/\/swiss.celadagroup.com\/de\/wp-json\/wp\/v2\/pages\/5061","targetHints":{"allow":["GET"]}}],"collection":[{"href":"https:\/\/swiss.celadagroup.com\/de\/wp-json\/wp\/v2\/pages"}],"about":[{"href":"https:\/\/swiss.celadagroup.com\/de\/wp-json\/wp\/v2\/types\/page"}],"author":[{"embeddable":true,"href":"https:\/\/swiss.celadagroup.com\/de\/wp-json\/wp\/v2\/users\/3"}],"replies":[{"embeddable":true,"href":"https:\/\/swiss.celadagroup.com\/de\/wp-json\/wp\/v2\/comments?post=5061"}],"version-history":[{"count":1,"href":"https:\/\/swiss.celadagroup.com\/de\/wp-json\/wp\/v2\/pages\/5061\/revisions"}],"predecessor-version":[{"id":6511,"href":"https:\/\/swiss.celadagroup.com\/de\/wp-json\/wp\/v2\/pages\/5061\/revisions\/6511"}],"wp:attachment":[{"href":"https:\/\/swiss.celadagroup.com\/de\/wp-json\/wp\/v2\/media?parent=5061"}],"curies":[{"name":"wp","href":"https:\/\/api.w.org\/{rel}","templated":true}]}}